{"id":580,"date":"2025-03-31T07:48:59","date_gmt":"2025-03-31T07:48:59","guid":{"rendered":"https:\/\/temasregionales.cng.cl\/?page_id=580"},"modified":"2025-04-17T21:17:52","modified_gmt":"2025-04-17T21:17:52","slug":"acerca-de","status":"publish","type":"page","link":"https:\/\/temasregionales.cng.cl\/en\/acerca-de\/","title":{"rendered":"Acerca De"},"content":{"rendered":"<div class=\"wp-block-stackable-spacer stk-block-spacer stk--no-padding stk-block stk-d07d672\" data-block-id=\"d07d672\"><style>.stk-d07d672 {height:100px !important;}<\/style><\/div>\n\n\n\n<div class=\"wp-block-stackable-image stk-block-image stk-block stk-4abdbed\" data-block-id=\"4abdbed\"><style>.stk-4abdbed .stk-img-wrapper{height:308px !important;}.stk-4abdbed .stk-img-wrapper img{object-position:50% 40% !important;}<\/style><figure><span class=\"stk-img-wrapper stk-image--shape-stretch\"><img loading=\"lazy\" decoding=\"async\" class=\"stk-img wp-image-956\" src=\"https:\/\/temasregionales.cng.cl\/wp-content\/uploads\/2025\/04\/pexels-andre-ulysses-de-salis-2100065-8274982-scaled.jpg\" width=\"2560\" height=\"1862\" srcset=\"https:\/\/temasregionales.cng.cl\/wp-content\/uploads\/2025\/04\/pexels-andre-ulysses-de-salis-2100065-8274982-scaled.jpg 2560w, https:\/\/temasregionales.cng.cl\/wp-content\/uploads\/2025\/04\/pexels-andre-ulysses-de-salis-2100065-8274982-300x218.jpg 300w, https:\/\/temasregionales.cng.cl\/wp-content\/uploads\/2025\/04\/pexels-andre-ulysses-de-salis-2100065-8274982-1024x745.jpg 1024w, https:\/\/temasregionales.cng.cl\/wp-content\/uploads\/2025\/04\/pexels-andre-ulysses-de-salis-2100065-8274982-768x559.jpg 768w, https:\/\/temasregionales.cng.cl\/wp-content\/uploads\/2025\/04\/pexels-andre-ulysses-de-salis-2100065-8274982-1536x1117.jpg 1536w, https:\/\/temasregionales.cng.cl\/wp-content\/uploads\/2025\/04\/pexels-andre-ulysses-de-salis-2100065-8274982-2048x1490.jpg 2048w\" sizes=\"auto, (max-width: 2560px) 100vw, 2560px\" \/><\/span><\/figure><\/div>\n\n\n\n<div class=\"wp-block-stackable-columns stk-block-columns stk-block stk-619a834\" data-block-id=\"619a834\"><div class=\"stk-row stk-inner-blocks stk-block-content stk-content-align stk-619a834-column\">\n<div class=\"wp-block-stackable-column stk-block-column stk-column stk-block stk-1a65282\" data-v=\"4\" data-block-id=\"1a65282\"><div class=\"stk-column-wrapper stk-block-column__content stk-container stk-1a65282-container stk--no-background stk--no-padding\"><div class=\"stk-block-content stk-inner-blocks stk-1a65282-inner-blocks\">\n<div class=\"wp-block-stackable-heading stk-block-heading stk-block-heading--v2 stk-block stk-27fdfcf\" id=\"sobre-temas-regionales\" data-block-id=\"27fdfcf\"><h2 class=\"stk-block-heading__text has-text-align-left\">&nbsp;About \u201cTemas Regionales\u201d<\/h2><\/div>\n<\/div><\/div><\/div>\n\n\n\n<div class=\"wp-block-stackable-column stk-block-column stk-column stk-block stk-065238d\" data-v=\"4\" data-block-id=\"065238d\"><div class=\"stk-column-wrapper stk-block-column__content stk-container stk-065238d-container stk--no-background stk--no-padding\"><div class=\"stk-block-content stk-inner-blocks stk-065238d-inner-blocks\">\n<div class=\"wp-block-stackable-text stk-block-text stk-block stk-b84dd3c\" data-block-id=\"b84dd3c\"><p class=\"stk-block-text__text has-text-align-left\">\u201cTemas Regionales\u201d is a publication of the Corporaci\u00f3n de Estudios y Desarrollo Norte Grande in collaboration with the Faculty of Administration and Economics of the Universidad de Tarapac\u00e1, which presents original and unpublished studies by academics, professionals and university students, belonging to public or private entities.<\/p><\/div>\n\n\n\n<div class=\"wp-block-stackable-button-group stk-block-button-group stk-block stk-07ee3e9\" data-block-id=\"07ee3e9\"><div class=\"stk-row stk-inner-blocks has-text-align-left stk-block-content stk-button-group\">\n<div class=\"wp-block-stackable-button stk-block-button has-text-align-left is-style-ghost stk-block stk-6982f2e\" data-block-id=\"6982f2e\"><style>.stk-6982f2e .stk-button{background:transparent !important;border-top-left-radius:50px !important;border-top-right-radius:50px !important;border-bottom-right-radius:50px !important;border-bottom-left-radius:50px !important;}.stk-6982f2e .stk-button:hover:after{background:transparent !important;opacity:1 !important;}:where(.stk-hover-parent:hover,  .stk-hover-parent.stk--is-hovered) .stk-6982f2e .stk-button:after{background:transparent !important;opacity:1 !important;}.stk-6982f2e .stk-button:before{border-style:solid !important;}<\/style><a class=\"stk-link stk-button stk--hover-effect-darken\" href=\"https:\/\/temasregionales.cng.cl\/en\/temas_contenido\/\"><span class=\"stk-button__inner-text\">Explore<\/span><\/a><\/div>\n<\/div><\/div>\n<\/div><\/div><\/div>\n<\/div><\/div>\n\n\n\n<div class=\"wp-block-stackable-spacer stk-block-spacer stk--no-padding stk-block stk-3f23e36\" data-block-id=\"3f23e36\"><style>.stk-3f23e36 {height:130px !important;}@media screen and (max-width:689px){.stk-3f23e36 {height:95px !important;}}<\/style><\/div>\n\n\n\n<div class=\"wp-block-stackable-columns stk-block-columns stk-block stk-0462a55\" data-block-id=\"0462a55\"><div class=\"stk-row stk-inner-blocks stk-block-content stk-content-align stk-0462a55-column\">\n<div class=\"wp-block-stackable-column stk-block-column stk-column stk-block stk-01b782f\" data-v=\"4\" data-block-id=\"01b782f\"><div class=\"stk-column-wrapper stk-block-column__content stk-container stk-01b782f-container stk--no-background stk--no-padding\"><div class=\"stk-block-content stk-inner-blocks stk-01b782f-inner-blocks\">\n<div class=\"wp-block-stackable-heading stk-block-heading stk-block-heading--v2 stk-block stk-9a3a436\" id=\"quienes-somos\" data-block-id=\"9a3a436\"><h2 class=\"stk-block-heading__text\">&nbsp;Who we are<\/h2><\/div>\n\n\n\n<div class=\"wp-block-stackable-text stk-block-text stk-block stk-d8f1d09\" data-block-id=\"d8f1d09\"><p class=\"stk-block-text__text has-text-align-left\">\u201cTemas Regionales\" is a scientific journal published continuously, available at www.temaseregionales.cng.cl. The journal may publish special issues dedicated to topics of high interest.<\/p><\/div>\n\n\n\n<div class=\"wp-block-stackable-button-group stk-block-button-group stk-block stk-78141a5\" data-block-id=\"78141a5\"><div class=\"stk-row stk-inner-blocks has-text-align-left stk-block-content stk-button-group\">\n<div class=\"wp-block-stackable-button stk-block-button has-text-align-center is-style-ghost stk-block stk-8c88e6f\" data-block-id=\"8c88e6f\"><style>.stk-8c88e6f .stk-button{background:transparent !important;border-top-left-radius:50px !important;border-top-right-radius:50px !important;border-bottom-right-radius:50px !important;border-bottom-left-radius:50px !important;}.stk-8c88e6f .stk-button:hover:after{background:transparent !important;opacity:1 !important;}:where(.stk-hover-parent:hover,  .stk-hover-parent.stk--is-hovered) .stk-8c88e6f .stk-button:after{background:transparent !important;opacity:1 !important;}.stk-8c88e6f .stk-button:before{border-style:solid !important;}<\/style><a class=\"stk-link stk-button stk--hover-effect-darken\" href=\"https:\/\/temasregionales.cng.cl\/en\/junta-editorial\/\"><span class=\"stk-button__inner-text\">See more<\/span><\/a><\/div>\n<\/div><\/div>\n<\/div><\/div><\/div>\n\n\n\n<div class=\"wp-block-stackable-column stk-block-column stk-column stk-block stk-8bb78bc\" data-v=\"4\" data-block-id=\"8bb78bc\"><div class=\"stk-column-wrapper stk-block-column__content stk-container stk-8bb78bc-container stk--no-background stk--no-padding\"><div class=\"stk-block-content stk-inner-blocks stk-8bb78bc-inner-blocks\">\n<div class=\"wp-block-stackable-image stk-block-image stk-block stk-4b1fa8c\" data-block-id=\"4b1fa8c\"><style>.stk-4b1fa8c .stk-img-wrapper{aspect-ratio:3\/4 !important;width:63% !important;height:auto !important;}.stk-4b1fa8c .stk-img-wrapper img{object-position:49% 13% !important;}@media screen and (max-width:999px){.stk-4b1fa8c .stk-img-wrapper{height:auto !important;}}@media screen and (max-width:689px){.stk-4b1fa8c .stk-img-wrapper{height:auto !important;}}<\/style><figure><span class=\"stk-img-wrapper stk-image--shape-stretch\"><img loading=\"lazy\" decoding=\"async\" class=\"stk-img wp-image-806\" src=\"https:\/\/temasregionales.cng.cl\/wp-content\/uploads\/2025\/04\/pexels-diva-plavalaguna-6147357-scaled.jpg\" width=\"2560\" height=\"1707\" srcset=\"https:\/\/temasregionales.cng.cl\/wp-content\/uploads\/2025\/04\/pexels-diva-plavalaguna-6147357-scaled.jpg 2560w, https:\/\/temasregionales.cng.cl\/wp-content\/uploads\/2025\/04\/pexels-diva-plavalaguna-6147357-300x200.jpg 300w, https:\/\/temasregionales.cng.cl\/wp-content\/uploads\/2025\/04\/pexels-diva-plavalaguna-6147357-1024x683.jpg 1024w, https:\/\/temasregionales.cng.cl\/wp-content\/uploads\/2025\/04\/pexels-diva-plavalaguna-6147357-768x512.jpg 768w, https:\/\/temasregionales.cng.cl\/wp-content\/uploads\/2025\/04\/pexels-diva-plavalaguna-6147357-1536x1024.jpg 1536w, https:\/\/temasregionales.cng.cl\/wp-content\/uploads\/2025\/04\/pexels-diva-plavalaguna-6147357-2048x1365.jpg 2048w\" sizes=\"auto, (max-width: 2560px) 100vw, 2560px\" \/><\/span><\/figure><\/div>\n<\/div><\/div><\/div>\n<\/div><\/div>\n\n\n\n<div class=\"wp-block-stackable-spacer stk-block-spacer stk--no-padding stk-block stk-eff7f5d\" data-block-id=\"eff7f5d\"><style>.stk-eff7f5d {height:130px !important;}@media screen and (max-width:689px){.stk-eff7f5d {height:100px !important;}}<\/style><\/div>\n\n\n\n<div class=\"wp-block-stackable-columns alignfull stk-block-columns stk-block stk-7a583b3 stk-block-background\" data-block-id=\"7a583b3\"><style>.stk-7a583b3 {background-color:#fff5e5 !important;padding-top:80px !important;padding-bottom:80px !important;}.stk-7a583b3:before{background-color:#fff5e5 !important;}.stk-7a583b3-column{--stk-column-gap:64px !important;}<\/style><div class=\"stk-row stk-inner-blocks stk-block-content stk-content-align stk-7a583b3-column alignwide\">\n<div class=\"wp-block-stackable-column stk-block-column stk-column stk-block stk-1316663\" data-v=\"4\" data-block-id=\"1316663\"><div class=\"stk-column-wrapper stk-block-column__content stk-container stk-1316663-container stk--no-background stk--no-padding\"><div class=\"stk-block-content stk-inner-blocks stk-1316663-inner-blocks\">\n<div class=\"wp-block-stackable-heading stk-block-heading stk-block-heading--v2 stk-block stk-98d7ba4\" id=\"indizados\" data-block-id=\"98d7ba4\"><style>.stk-98d7ba4 {margin-bottom:0px !important;}<\/style><h1 class=\"stk-block-heading__text has-text-align-center\">&nbsp;Scope and Editorial Policy<\/h1><\/div>\n\n\n\n<div class=\"wp-block-stackable-columns alignwide stk-block-columns stk-block stk-eb80f8d\" data-block-id=\"eb80f8d\"><style>.stk-eb80f8d {padding-top:80px !important;padding-bottom:80px !important;}<\/style><div class=\"stk-row stk-inner-blocks stk-block-content stk-content-align stk-eb80f8d-column alignwide\">\n<div class=\"wp-block-stackable-column stk-block-column stk-column stk-block stk-e468825\" data-v=\"4\" data-block-id=\"e468825\"><div class=\"stk-column-wrapper stk-block-column__content stk-container stk-e468825-container stk--no-background stk--no-padding\"><div class=\"has-text-align-center stk-block-content stk-inner-blocks stk-e468825-inner-blocks\">\n<div class=\"wp-block-stackable-text stk-block-text stk-block stk-763c4c6\" data-block-id=\"763c4c6\"><p class=\"stk-block-text__text has-text-align-justify\">The Editorial Committee will be responsible for authorizing the publication of works after consulting with peer reviewers, the content of which will be the sole responsibility of their authors. Articles cannot be simultaneously submitted for review to other media outlets. The journal is published free of charge in digital format.<\/p><\/div>\n\n\n\n<div class=\"wp-block-stackable-text stk-block-text stk-block stk-a486f92\" data-block-id=\"a486f92\"><p class=\"stk-block-text__text has-text-align-justify\">The Corporaci\u00f3n de Estudios y Desarrollo Norte Grande is the owner of the journal, its registration and the intellectual property of its publications. The original articles received for evaluation are recognized as confidential information and protected by the Intellectual Property Law.<\/p><\/div>\n\n\n\n<div class=\"wp-block-stackable-text stk-block-text stk-block stk-e98f114\" data-block-id=\"e98f114\"><p class=\"stk-block-text__text has-text-align-justify\">The journal has an open access policy, under the principle of free availability of research results to the general public. The only limitation in terms of replicability and distribution is that the authors of the journal must be given control over the integrity of their work and the right to be properly acknowledged and cited from the work published in the journal \u201cTemas Regionales.<\/p><\/div>\n<\/div><\/div><\/div>\n\n\n\n<div class=\"wp-block-stackable-column stk-block-column stk-column stk-block stk-2e41b35\" data-v=\"4\" data-block-id=\"2e41b35\"><div class=\"stk-column-wrapper stk-block-column__content stk-container stk-2e41b35-container stk--no-background stk--no-padding\"><div class=\"stk-block-content stk-inner-blocks stk-2e41b35-inner-blocks\">\n<div class=\"wp-block-stackable-text stk-block-text stk-block stk-a17dcdf\" data-block-id=\"a17dcdf\"><p class=\"stk-block-text__text has-text-align-justify\">The journal \u201cTemas Regionales\u201d adheres to the Budapest Open Access Initiative (OAI). It adheres to the principles of Open Science and supports the use by authors of the FAIR (Findable, Accessible, Interoperable, and Reusable) Principles for the management of scientific data.<\/p><\/div>\n\n\n\n<div class=\"wp-block-stackable-text stk-block-text stk-block stk-067abfd\" data-block-id=\"067abfd\"><p class=\"stk-block-text__text has-text-align-justify\">In the event that the author authorizes the publication of research data openly in his\/her own repositories, he\/she should inform this directly in his\/her manuscript, citing the source or repository and\/or communicate in writing his\/her intention to publish the data openly by declaring it in writing to the editor.<\/p><\/div>\n\n\n\n<div class=\"wp-block-stackable-text stk-block-text stk-block stk-e197b90\" data-block-id=\"e197b90\"><p class=\"stk-block-text__text has-text-align-justify\">Authors are allowed to publish their manuscripts, methodology, research data, in their own institutional repositories or in their institutional open access (OA) or open science (OS) websites, before and during the process of submission of their work for evaluation in the journal \"Temas Regionales\", and to publish the PDF corresponding to the final version of their work published in the journal \u201cTemas Regionales\", citing the source, after publication, in their respective institutional repositories, without any embargo period.<\/p><\/div>\n<\/div><\/div><\/div>\n<\/div><\/div>\n\n\n\n<div class=\"wp-block-stackable-columns alignwide stk-block-columns stk-block stk-326d5d1\" data-block-id=\"326d5d1\"><style>.stk-326d5d1-column{--stk-column-gap:48px !important;}<\/style><div class=\"stk-row stk-inner-blocks stk-block-content stk-content-align stk-326d5d1-column alignwide\">\n<div class=\"wp-block-stackable-column stk-block-column stk-column stk-block stk-70bfaac\" data-v=\"4\" data-block-id=\"70bfaac\"><style>.stk-70bfaac {align-self:flex-start !important;}.stk-70bfaac-inner-blocks{justify-content:center !important;}.stk-70bfaac-container{display:flex !important;}<\/style><div class=\"stk-column-wrapper stk-block-column__content stk-container stk-70bfaac-container stk--no-background stk--no-padding\"><div class=\"stk-block-content stk-inner-blocks stk-70bfaac-inner-blocks\">\n<div class=\"wp-block-stackable-image stk-block-image stk-block stk-1ac6b92\" data-block-id=\"1ac6b92\"><style>.stk-1ac6b92 .stk-img-wrapper{aspect-ratio:4\/1 !important;height:375px !important;}.stk-1ac6b92 .stk-img-wrapper img{object-position:50% 30% !important;}<\/style><figure><span class=\"stk-img-wrapper stk-image--shape-stretch\"><img loading=\"lazy\" decoding=\"async\" class=\"stk-img wp-image-1222\" src=\"https:\/\/temasregionales.cng.cl\/wp-content\/uploads\/2025\/04\/pexels-andre-ulysses-de-salis-2100065-8290739-scaled.jpg\" width=\"2560\" height=\"1724\" srcset=\"https:\/\/temasregionales.cng.cl\/wp-content\/uploads\/2025\/04\/pexels-andre-ulysses-de-salis-2100065-8290739-scaled.jpg 2560w, https:\/\/temasregionales.cng.cl\/wp-content\/uploads\/2025\/04\/pexels-andre-ulysses-de-salis-2100065-8290739-300x202.jpg 300w, https:\/\/temasregionales.cng.cl\/wp-content\/uploads\/2025\/04\/pexels-andre-ulysses-de-salis-2100065-8290739-1024x690.jpg 1024w, https:\/\/temasregionales.cng.cl\/wp-content\/uploads\/2025\/04\/pexels-andre-ulysses-de-salis-2100065-8290739-768x517.jpg 768w, https:\/\/temasregionales.cng.cl\/wp-content\/uploads\/2025\/04\/pexels-andre-ulysses-de-salis-2100065-8290739-1536x1035.jpg 1536w, https:\/\/temasregionales.cng.cl\/wp-content\/uploads\/2025\/04\/pexels-andre-ulysses-de-salis-2100065-8290739-2048x1380.jpg 2048w\" sizes=\"auto, (max-width: 2560px) 100vw, 2560px\" \/><\/span><\/figure><\/div>\n<\/div><\/div><\/div>\n<\/div><\/div>\n<\/div><\/div><\/div>\n<\/div><\/div>\n\n\n\n<div class=\"wp-block-stackable-spacer stk-block-spacer stk--no-padding stk-block stk-4701831\" data-block-id=\"4701831\"><style>.stk-4701831 {height:130px !important;}<\/style><\/div>","protected":false},"excerpt":{"rendered":"<p>&nbsp;Sobre \u201cTemas Regionales\u201d \u201cTemas Regionales\u201d&nbsp;es una publicaci\u00f3n de la Corporaci\u00f3n de Estudios y Desarrollo Norte Grande en colaboraci\u00f3n con la Facultad de Administraci\u00f3n y Econom\u00eda de la Universidad de Tarapac\u00e1, que presenta estudios originales e in\u00e9ditos de acad\u00e9micos, profesionales y estudiantes universitarios, pertenecientes a entidades p\u00fablicas o privadas. Explorar &nbsp;Quienes somos \u201cTemas Regionales\u201d, es una [&hellip;]<\/p>","protected":false},"author":1,"featured_media":0,"parent":0,"menu_order":0,"comment_status":"closed","ping_status":"closed","template":"","meta":{"pagelayer_contact_templates":[],"_pagelayer_content":"","footnotes":""},"class_list":["post-580","page","type-page","status-publish","hentry"],"blocksy_meta":[],"_links":{"self":[{"href":"https:\/\/temasregionales.cng.cl\/en\/wp-json\/wp\/v2\/pages\/580","targetHints":{"allow":["GET"]}}],"collection":[{"href":"https:\/\/temasregionales.cng.cl\/en\/wp-json\/wp\/v2\/pages"}],"about":[{"href":"https:\/\/temasregionales.cng.cl\/en\/wp-json\/wp\/v2\/types\/page"}],"author":[{"embeddable":true,"href":"https:\/\/temasregionales.cng.cl\/en\/wp-json\/wp\/v2\/users\/1"}],"replies":[{"embeddable":true,"href":"https:\/\/temasregionales.cng.cl\/en\/wp-json\/wp\/v2\/comments?post=580"}],"version-history":[{"count":78,"href":"https:\/\/temasregionales.cng.cl\/en\/wp-json\/wp\/v2\/pages\/580\/revisions"}],"predecessor-version":[{"id":1351,"href":"https:\/\/temasregionales.cng.cl\/en\/wp-json\/wp\/v2\/pages\/580\/revisions\/1351"}],"wp:attachment":[{"href":"https:\/\/temasregionales.cng.cl\/en\/wp-json\/wp\/v2\/media?parent=580"}],"curies":[{"name":"wp","href":"https:\/\/api.w.org\/{rel}","templated":true}]}}