{"id":586,"date":"2025-03-31T07:51:57","date_gmt":"2025-03-31T07:51:57","guid":{"rendered":"https:\/\/temasregionales.cng.cl\/?page_id=586"},"modified":"2025-05-21T18:19:32","modified_gmt":"2025-05-21T18:19:32","slug":"sobre-nosotros","status":"publish","type":"page","link":"https:\/\/temasregionales.cng.cl\/en\/sobre-nosotros\/","title":{"rendered":"About"},"content":{"rendered":"<div class=\"wp-block-stackable-spacer stk-block-spacer stk--no-padding stk-block stk-abde237\" data-block-id=\"abde237\"><style>.stk-abde237 {height:100px !important;}<\/style><\/div>\n\n\n\n<div class=\"wp-block-stackable-columns alignwide stk-block-columns stk-block stk-1ffafca\" data-block-id=\"1ffafca\"><style>.stk-1ffafca {margin-bottom:0px !important;}<\/style><div class=\"stk-row stk-inner-blocks stk-block-content stk-content-align stk-1ffafca-column alignwide\">\n<div class=\"wp-block-stackable-column stk-block-column stk-column stk-block stk-4a4133d\" data-v=\"4\" data-block-id=\"4a4133d\"><div class=\"stk-column-wrapper stk-block-column__content stk-container stk-4a4133d-container stk--no-background stk--no-padding\"><div class=\"stk-block-content stk-inner-blocks stk-4a4133d-inner-blocks\">\n<div class=\"wp-block-stackable-heading stk-block-heading stk-block-heading--v2 stk-block stk-25c3631\" id=\"temas-regionales\" data-block-id=\"25c3631\"><h2 class=\"stk-block-heading__text\">\u201cTemas Regionales\u201d<\/h2><\/div>\n\n\n\n<div class=\"wp-block-stackable-text stk-block-text stk-block stk-13fdbf6\" data-block-id=\"13fdbf6\"><style>.stk-13fdbf6 {margin-bottom:42px !important;}<\/style><p class=\"stk-block-text__text has-text-align-justify\">\"Temas Regionales\" is a publication of the Corporaci\u00f3n de Estudios y Desarrollo Norte Grande in conjunction with the University of Tarapac\u00e1. It presents original and unpublished studies by academics, professionals, or students, whether from public or private entities, Chilean or foreign, who wish to share their experiences in the areas of Territory, Politics, Governance, Economics, Identity, Development, Indicators, or Local Studies, with a preference on South America focus.<\/p><\/div>\n\n\n\n<div class=\"wp-block-stackable-text stk-block-text stk-block stk-d39209e\" data-block-id=\"d39209e\"><style>.stk-d39209e {margin-bottom:42px !important;}<\/style><p class=\"stk-block-text__text has-text-align-justify\">In the Norte Grande region, challenges such as the eradication of extreme poverty, the reduction of inequality in all its dimensions, multidimensional poverty, inclusive economic growth with a perspective of decent work for all, sustainable cities, climate change, and sustainable economic productivity, among others, remain current challenges for the region and require specialized and decentralized attention. The green transition, the digitalization of the economy, along with the principles of sustainable development, can be enabling areas for progress toward a just and inclusive society. At the same time, for these transformations to occur, a governance that is relevant to the needs of the territories and communities is needed. However, all issues related to these changes need to be presented and brought closer to academia and the community at large.<\/p><\/div>\n\n\n\n<div class=\"wp-block-stackable-text stk-block-text stk-block stk-56aee02\" data-block-id=\"56aee02\"><style>.stk-56aee02 {margin-bottom:64px !important;}<\/style><p class=\"stk-block-text__text has-text-align-justify\">Therefore, the Corporaci\u00f3n de Estudios y Desarrollo Norte Grande, in collaboration with the Faculty of Administration and Economics of the University of Tarapac\u00e1, have proposed, through this journal, to disseminate topics of interest and current scientific relevance. This takes into account the efforts and experiences of sustainable development in all its dimensions, reinventing the content of \"Temas Regionales\" in a digital format, and focusing on the territorial perspective, especially in South America.<\/p><\/div>\n\n\n\n<div class=\"wp-block-stackable-columns stk-block-columns stk-block stk-98aa987\" data-block-id=\"98aa987\"><style>.stk-98aa987 {margin-bottom:64px !important;}.stk-98aa987-column{--stk-column-gap:32px !important;}<\/style><div class=\"stk-row stk-inner-blocks stk-block-content stk-content-align stk-98aa987-column\">\n<div class=\"wp-block-stackable-column stk-block-column stk-column stk-block stk-46b6430\" data-v=\"4\" data-block-id=\"46b6430\"><style>.stk-46b6430-container{margin-top:0px !important;margin-right:0px !important;margin-bottom:0px !important;margin-left:0px !important;}@media screen and (min-width:690px){.stk-46b6430 {flex:var(--stk-flex-grow, 1) 1 66.7% !important;}}@media screen and (min-width:690px) and (max-width:999px){.stk-46b6430 {flex:var(--stk-flex-grow, 1) 1 calc(60% - var(--stk-column-gap, 0px) * 1 \/ 2 ) !important;}}<\/style><div class=\"stk-column-wrapper stk-block-column__content stk-container stk-46b6430-container stk--no-background stk--no-padding\"><div class=\"stk-block-content stk-inner-blocks stk-46b6430-inner-blocks\">\n<div class=\"wp-block-stackable-image stk-block-image stk-block stk-6ce7320\" data-block-id=\"6ce7320\"><style>.stk-6ce7320 .stk-img-wrapper{height:400px !important;}<\/style><figure><span class=\"stk-img-wrapper stk-image--shape-stretch\"><img loading=\"lazy\" decoding=\"async\" class=\"stk-img wp-image-1274\" src=\"https:\/\/temasregionales.cng.cl\/wp-content\/uploads\/2025\/04\/pexels-andre-ulysses-de-salis-2100065-7803727-scaled.jpg\" width=\"2560\" height=\"1686\" srcset=\"https:\/\/temasregionales.cng.cl\/wp-content\/uploads\/2025\/04\/pexels-andre-ulysses-de-salis-2100065-7803727-scaled.jpg 2560w, https:\/\/temasregionales.cng.cl\/wp-content\/uploads\/2025\/04\/pexels-andre-ulysses-de-salis-2100065-7803727-300x198.jpg 300w, https:\/\/temasregionales.cng.cl\/wp-content\/uploads\/2025\/04\/pexels-andre-ulysses-de-salis-2100065-7803727-1024x674.jpg 1024w, https:\/\/temasregionales.cng.cl\/wp-content\/uploads\/2025\/04\/pexels-andre-ulysses-de-salis-2100065-7803727-768x506.jpg 768w, https:\/\/temasregionales.cng.cl\/wp-content\/uploads\/2025\/04\/pexels-andre-ulysses-de-salis-2100065-7803727-1536x1012.jpg 1536w, https:\/\/temasregionales.cng.cl\/wp-content\/uploads\/2025\/04\/pexels-andre-ulysses-de-salis-2100065-7803727-2048x1349.jpg 2048w, https:\/\/temasregionales.cng.cl\/wp-content\/uploads\/2025\/04\/pexels-andre-ulysses-de-salis-2100065-7803727-18x12.jpg 18w\" sizes=\"auto, (max-width: 2560px) 100vw, 2560px\" \/><\/span><\/figure><\/div>\n<\/div><\/div><\/div>\n\n\n\n<div class=\"wp-block-stackable-column stk-block-column stk-column stk-block stk-028661d\" data-v=\"4\" data-block-id=\"028661d\"><style>.stk-028661d-container{margin-top:0px !important;margin-right:0px !important;margin-bottom:0px !important;margin-left:0px !important;}@media screen and (min-width:690px){.stk-028661d {flex:var(--stk-flex-grow, 1) 1 33.3% !important;}}@media screen and (min-width:690px) and (max-width:999px){.stk-028661d {flex:var(--stk-flex-grow, 1) 1 calc(39.8% - var(--stk-column-gap, 0px) * 1 \/ 2 ) !important;}}<\/style><div class=\"stk-column-wrapper stk-block-column__content stk-container stk-028661d-container stk--no-background stk--no-padding\"><div class=\"stk-block-content stk-inner-blocks stk-028661d-inner-blocks\">\n<div class=\"wp-block-stackable-image stk-block-image stk-block stk-47a667f\" data-block-id=\"47a667f\"><style>.stk-47a667f .stk-img-wrapper{height:400px !important;}<\/style><figure><span class=\"stk-img-wrapper stk-image--shape-stretch\"><img loading=\"lazy\" decoding=\"async\" class=\"stk-img wp-image-528\" src=\"https:\/\/temasregionales.cng.cl\/wp-content\/uploads\/2025\/03\/pexels-marek-piwnicki-3907296-23886066-scaled.jpg\" width=\"2560\" height=\"1600\" srcset=\"https:\/\/temasregionales.cng.cl\/wp-content\/uploads\/2025\/03\/pexels-marek-piwnicki-3907296-23886066-scaled.jpg 2560w, https:\/\/temasregionales.cng.cl\/wp-content\/uploads\/2025\/03\/pexels-marek-piwnicki-3907296-23886066-300x187.jpg 300w, https:\/\/temasregionales.cng.cl\/wp-content\/uploads\/2025\/03\/pexels-marek-piwnicki-3907296-23886066-1024x640.jpg 1024w, https:\/\/temasregionales.cng.cl\/wp-content\/uploads\/2025\/03\/pexels-marek-piwnicki-3907296-23886066-768x480.jpg 768w, https:\/\/temasregionales.cng.cl\/wp-content\/uploads\/2025\/03\/pexels-marek-piwnicki-3907296-23886066-1536x960.jpg 1536w, https:\/\/temasregionales.cng.cl\/wp-content\/uploads\/2025\/03\/pexels-marek-piwnicki-3907296-23886066-2048x1280.jpg 2048w\" sizes=\"auto, (max-width: 2560px) 100vw, 2560px\" \/><\/span><\/figure><\/div>\n<\/div><\/div><\/div>\n<\/div><\/div>\n\n\n\n<div class=\"wp-block-stackable-text stk-block-text stk-block stk-a86348e\" data-block-id=\"a86348e\"><style>.stk-a86348e {margin-bottom:64px !important;}<\/style><p class=\"stk-block-text__text has-text-align-justify\">The journal \"Temas Regionales\" seeks to expose the multiple challenges facing territories and thus seek viable solutions for sustainable development. The sustainable conservation of natural resources, both marine and terrestrial, is undoubtedly of great importance, especially in contexts of biodiversity loss, threats to ecosystems, desertification, the protection of wetlands (both coastal, ravine, and high Andean), and other challenges facing territories and communities. The importance of the sustainable conservation of cultural heritage is recognized, where heritage management, the safeguarding of cultural, archaeological, and ethnographic heritage, as well as indigenous knowledge, including land-based work and ancestral practices, must play a leading role. At the same time, the importance of the presence of industries in various territories is undeniable, which is why the focus is on sustainable businesses, which take into consideration the importance of proper water management, industrial design, and the sustainability of both agri-food and fishery resources. At the same time, it is important to monitor the performance of key industries, the impacts of their operations, and their business models. Finally, it is necessary to analyze how all these issues fit into the governance of sustainability and just transition, as well as analyze aspects of land use, the importance of local and indigenous communities and other population groups, and address issues related to human rights, territorial transformations, local development, and the scenarios in which the territory needs to prepare for the triple climate crisis. \"Temas Regionales\" thus engages the academic and scientific world in articulating territorial aspects in the active search for solutions to the problems identified.<br><\/p><\/div>\n\n\n\n<div class=\"wp-block-stackable-heading stk-block-heading stk-block-heading--v2 stk-block stk-697bbf9\" id=\"alcance-br\" data-block-id=\"697bbf9\"><h2 class=\"stk-block-heading__text\">Scope<br><\/h2><\/div>\n\n\n\n<div class=\"wp-block-stackable-text stk-block-text stk-block stk-395aa7b\" data-block-id=\"395aa7b\"><p class=\"stk-block-text__text has-text-align-justify\">Since its creation in 1992, the journal \"Temas Regionales\" has aimed to channel ideas on territorial development, with a special emphasis on the far north of Chile. Currently, global society is facing an unprecedented period of change in various areas.<\/p><\/div>\n\n\n\n<div class=\"wp-block-stackable-text stk-block-text stk-block stk-58343e2\" data-block-id=\"58343e2\"><style>.stk-58343e2 {margin-bottom:23px !important;}<\/style><p class=\"stk-block-text__text has-text-align-justify\">Today, territorial challenges such as the eradication of extreme poverty, the reduction of inequality in all its dimensions, inclusive economic growth with decent work for all, sustainable cities, climate change, and sustainable economic activity, among others, continue to be current challenges for all regional communities around the world, demanding specialized and decentralized attention.<\/p><\/div>\n\n\n\n<div class=\"wp-block-stackable-text stk-block-text stk-block stk-9d761c4\" data-block-id=\"9d761c4\"><style>.stk-9d761c4 {margin-bottom:25px !important;}<\/style><p class=\"stk-block-text__text has-text-align-justify\">The green transition, the digitalization of the economy, and the principles of sustainable development are enabling areas for progress toward a just and inclusive society. However, all issues related to these changes need to be presented and brought to the general community and academia.<\/p><\/div>\n\n\n\n<div class=\"wp-block-stackable-text stk-block-text stk-block stk-a603613\" data-block-id=\"a603613\"><style>.stk-a603613 {margin-bottom:64px !important;}<\/style><p class=\"stk-block-text__text has-text-align-justify\">Therefore, the Corporaci\u00f3n de Estudios y Desarrollo Norte Grande and the Faculty of Administration and Economics of the University of Tarapac\u00e1, through this journal, have set out to disseminate topics of interest and current scientific relevance, taking into account the efforts and experiences of sustainable development in all its dimensions.<\/p><\/div>\n<\/div><\/div><\/div>\n<\/div><\/div>\n\n\n\n<div class=\"wp-block-stackable-columns alignwide stk-block-columns stk-block stk-8f4035f\" data-block-id=\"8f4035f\"><style>.stk-8f4035f {margin-bottom:0px !important;}<\/style><div class=\"stk-row stk-inner-blocks stk-block-content stk-content-align stk-8f4035f-column alignwide\">\n<div class=\"wp-block-stackable-column stk-block-column stk-column stk-block stk-5483b03\" data-v=\"4\" data-block-id=\"5483b03\"><div class=\"stk-column-wrapper stk-block-column__content stk-container stk-5483b03-container stk--no-background stk--no-padding\"><div class=\"stk-block-content stk-inner-blocks stk-5483b03-inner-blocks\">\n<div class=\"wp-block-stackable-heading stk-block-heading stk-block-heading--v2 stk-block stk-4f9e12a\" id=\"strong-strong-patrocinadores-strong-strong\" data-block-id=\"4f9e12a\"><h3 class=\"stk-block-heading__text\"><strong><strong>Sponsors<\/strong><\/strong><\/h3><\/div>\n\n\n\n<div class=\"wp-block-stackable-text stk-block-text stk-block stk-229d60b\" data-block-id=\"229d60b\"><p class=\"stk-block-text__text\">The publication of the journal \"Temas regionales\" is funded by:<\/p><\/div>\n\n\n\n<ul class=\"wp-block-list\">\n<li> Universidad de Tarapac\u00e1 <br>           18 de Septiembre n\u00b0 2222<br>           Arica, Regi\u00f3n de Arica y Parinacota,  Chile.<\/li>\n<\/ul>\n\n\n\n<p><\/p>\n\n\n\n<ul class=\"wp-block-list\">\n<li>Corporaci\u00f3n Norte Grande<br>           Tarapac\u00e1 n\u00b0465, oficina 208<br>            Iquique, Regi\u00f3n de Tarapac\u00e1, Chile<\/li>\n<\/ul>\n<\/div><\/div><\/div>\n<\/div><\/div>\n\n\n\n<div class=\"wp-block-stackable-spacer stk-block-spacer stk--no-padding stk-block stk-ef747f0\" data-block-id=\"ef747f0\"><style>.stk-ef747f0 {height:130px !important;}<\/style><\/div>","protected":false},"excerpt":{"rendered":"<p>\u201cTemas Regionales\u201d \u201cTemas Regionales\u201d es una publicaci\u00f3n de la Corporaci\u00f3n de Estudios y Desarrollo Norte Grande en conjunto con la Universidad de Tarapac\u00e1, que presenta estudios originales e in\u00e9ditos de acad\u00e9micos, profesionales o estudiantes, ya sea pertenecientes a entidades p\u00fablicas y privadas, chilenas o extranjeras, que deseen difundir sus experiencias en \u00e1reas de Territorio, Pol\u00edtica, [&hellip;]<\/p>","protected":false},"author":1,"featured_media":0,"parent":0,"menu_order":0,"comment_status":"closed","ping_status":"closed","template":"","meta":{"pagelayer_contact_templates":[],"_pagelayer_content":"","footnotes":""},"class_list":["post-586","page","type-page","status-publish","hentry"],"blocksy_meta":[],"_links":{"self":[{"href":"https:\/\/temasregionales.cng.cl\/en\/wp-json\/wp\/v2\/pages\/586","targetHints":{"allow":["GET"]}}],"collection":[{"href":"https:\/\/temasregionales.cng.cl\/en\/wp-json\/wp\/v2\/pages"}],"about":[{"href":"https:\/\/temasregionales.cng.cl\/en\/wp-json\/wp\/v2\/types\/page"}],"author":[{"embeddable":true,"href":"https:\/\/temasregionales.cng.cl\/en\/wp-json\/wp\/v2\/users\/1"}],"replies":[{"embeddable":true,"href":"https:\/\/temasregionales.cng.cl\/en\/wp-json\/wp\/v2\/comments?post=586"}],"version-history":[{"count":22,"href":"https:\/\/temasregionales.cng.cl\/en\/wp-json\/wp\/v2\/pages\/586\/revisions"}],"predecessor-version":[{"id":1531,"href":"https:\/\/temasregionales.cng.cl\/en\/wp-json\/wp\/v2\/pages\/586\/revisions\/1531"}],"wp:attachment":[{"href":"https:\/\/temasregionales.cng.cl\/en\/wp-json\/wp\/v2\/media?parent=586"}],"curies":[{"name":"wp","href":"https:\/\/api.w.org\/{rel}","templated":true}]}}