{"id":902,"date":"2025-04-16T10:21:52","date_gmt":"2025-04-16T10:21:52","guid":{"rendered":"https:\/\/temasregionales.cng.cl\/?page_id=902"},"modified":"2025-05-21T18:25:26","modified_gmt":"2025-05-21T18:25:26","slug":"declaracion-de-privacidad","status":"publish","type":"page","link":"https:\/\/temasregionales.cng.cl\/en\/declaracion-de-privacidad\/","title":{"rendered":"Privacy Statement"},"content":{"rendered":"<div class=\"wp-block-stackable-spacer stk-block-spacer stk--no-padding stk-block stk-93d1e68\" data-block-id=\"93d1e68\"><style>.stk-93d1e68 {height:130px !important;}<\/style><\/div>\n\n\n\n<div class=\"wp-block-stackable-columns alignwide stk-block-columns stk-block stk-33878b2\" data-block-id=\"33878b2\"><div class=\"stk-row stk-inner-blocks stk-block-content stk-content-align stk-33878b2-column alignwide\">\n<div class=\"wp-block-stackable-column stk-block-column stk-column stk-block stk-15bc191\" data-v=\"4\" data-block-id=\"15bc191\"><div class=\"stk-column-wrapper stk-block-column__content stk-container stk-15bc191-container stk--no-background stk--no-padding\"><div class=\"stk-block-content stk-inner-blocks stk-15bc191-inner-blocks\">\n<div class=\"wp-block-stackable-heading stk-block-heading stk-block-heading--v2 stk-block stk-2c2a727\" id=\"normas-eticas\" data-block-id=\"2c2a727\"><style>.stk-2c2a727 {margin-bottom:48px !important;}<\/style><h2 class=\"stk-block-heading__text\">Ethical Standards<\/h2><\/div>\n\n\n\n<div class=\"wp-block-stackable-heading stk-block-heading stk-block-heading--v2 stk-block stk-482461b\" id=\"responsabilidades-del-comite-editorial\" data-block-id=\"482461b\"><h4 class=\"stk-block-heading__text\">Responsibilities of the Editorial Board<\/h4><\/div>\n\n\n\n<div class=\"wp-block-stackable-text stk-block-text stk-block stk-e3465ae\" data-block-id=\"e3465ae\"><p class=\"stk-block-text__text\">\u2013 The editorial committee is obliged to guarantee the quality of the published material, as well as to apply objective criteria at all times and exclude any type of discrimination related to race, gender, sexual orientation, and religious beliefs.<\/p><\/div>\n\n\n\n<p>\u2013 The editorial committee must safeguard the integrity and confidentiality of the information provided by the journal's contributors.<\/p>\n\n\n\n<p>\u2013 The editorial committee is prohibited from using unpublished material for personal, group, or institutional benefit without the consent of the corresponding contributors.<\/p>\n\n\n\n<p>\u2013 The editorial committee commits to publish corrections, clarifications, retractions, or apologies if necessary.<\/p>\n\n\n\n<p>\u2013 The editorial committee guarantees anonymity in the peer review of the material received.<\/p>\n\n\n\n<p>\u2013 It is the editorial committee&#039;s responsibility to promptly inform authors of the results of the\nevaluation of their work.<\/p>\n\n\n\n<div class=\"wp-block-stackable-heading stk-block-heading stk-block-heading--v2 stk-block stk-ab06994\" id=\"responsabilidades-del-revisor\" data-block-id=\"ab06994\"><h4 class=\"stk-block-heading__text\">Reviewer Responsibilities<\/h4><\/div>\n\n\n\n<div class=\"wp-block-stackable-text stk-block-text stk-block stk-7b5e16e\" id=\"responsabilidades-del-revisor\" data-block-id=\"7b5e16e\"><style>.stk-7b5e16e {margin-bottom:10px !important;}<\/style><p class=\"stk-block-text__text\">\u2013 Reviewers agree to apply clear and objective criteria to their reviews, and to exclude any\ndiscrimination based on the race, gender, sexual orientation, and religious beliefs of contributors.<\/p><\/div>\n\n\n\n<p>\u2013 Reviewers agree to treat the material entrusted to them confidentially. Discussing or\ncommenting on the material with third parties is prohibited during the evaluation period.<\/p>\n\n\n\n<p>\u2013 Reviewers will be disqualified from participating in the evaluation in the event of a conflict of\ninterest.<\/p>\n\n\n\n<p>\u2013 Reviewers are prohibited from making any use of the entrusted materials during the evaluation,\nselection, and publication periods.<\/p>\n\n\n\n<div class=\"wp-block-stackable-heading stk-block-heading stk-block-heading--v2 stk-block stk-1599af5\" id=\"responsabilidades-de-los-autores\" data-block-id=\"1599af5\"><h4 class=\"stk-block-heading__text\">Author Responsibilities<\/h4><\/div>\n\n\n\n<div class=\"wp-block-stackable-text stk-block-text stk-block stk-5046564\" data-block-id=\"5046564\"><p class=\"stk-block-text__text\">\u2013 Contributors must submit a separate declaration guaranteeing the reliability of the information\nwith their article submissions.<\/p><\/div>\n\n\n\n<div class=\"wp-block-stackable-text stk-block-text stk-block stk-387ac54\" data-block-id=\"387ac54\"><p class=\"stk-block-text__text\">\u2013 Authors must guarantee the originality of the submitted materials.<\/p><\/div>\n\n\n\n<p>\u2013 \u201cTemas Regionales\u201d does not accept previously published works, regardless of the format.<\/p>\n\n\n\n<p>\u2013 \u201cTemas Regionales\u201d actively rejects any type of plagiarism, whether partial or total. Authors must rigorously ensure that they attribute their citations to their sources, in accordance with the journal's guidelines.<\/p>\n\n\n\n<p>\u2013 It is the sole responsibility of the authors to submit their materials in the format required by the journal. The journal reserves the right to reject submissions that do not comply with its submission guidelines.<\/p>\n\n\n\n<div class=\"wp-block-stackable-spacer stk-block-spacer stk--no-padding stk-block stk-f252e95\" data-block-id=\"f252e95\"><style>.stk-f252e95 {height:100px !important;}<\/style><\/div>\n\n\n\n<div class=\"wp-block-stackable-heading stk-block-heading stk-block-heading--v2 stk-block stk-4247936\" id=\"declaracion-de-privacidad\" data-block-id=\"4247936\"><h2 class=\"stk-block-heading__text\">Privacy Statement<\/h2><\/div>\n\n\n\n<div class=\"wp-block-stackable-text stk-block-text stk-block stk-04ecda4\" id=\"declaracion-de-privacidad\" data-block-id=\"04ecda4\"><p class=\"stk-block-text__text\">The names and email addresses entered on the journal\u00b4s website will be used exclusively for the\npurposes established by \u201cTemas Regionales\u201d and will not be made available for any other purpose\nor to any third party.<\/p><\/div>\n<\/div><\/div><\/div>\n<\/div><\/div>\n\n\n\n<div class=\"wp-block-stackable-spacer stk-block-spacer stk--no-padding stk-block stk-9e1bfad\" data-block-id=\"9e1bfad\"><style>.stk-9e1bfad {height:130px !important;}<\/style><\/div>","protected":false},"excerpt":{"rendered":"<p>Normas \u00e9ticas Responsabilidades del comit\u00e9 editorial &#8211; El comit\u00e9 editorial est\u00e1 obligado a garantizar la calidad del material publicado, as\u00ed como a aplicar en todo momento criterios objetivos y excluir cualquier tipo de discriminaci\u00f3n relacionada con la raza, el g\u00e9nero, la orientaci\u00f3n sexual y las creencias religiosas. &#8211; El comit\u00e9 editorial debe salvaguardar la integridad [&hellip;]<\/p>","protected":false},"author":1,"featured_media":0,"parent":0,"menu_order":0,"comment_status":"closed","ping_status":"closed","template":"","meta":{"pagelayer_contact_templates":[],"_pagelayer_content":"","footnotes":""},"class_list":["post-902","page","type-page","status-publish","hentry"],"blocksy_meta":[],"_links":{"self":[{"href":"https:\/\/temasregionales.cng.cl\/en\/wp-json\/wp\/v2\/pages\/902","targetHints":{"allow":["GET"]}}],"collection":[{"href":"https:\/\/temasregionales.cng.cl\/en\/wp-json\/wp\/v2\/pages"}],"about":[{"href":"https:\/\/temasregionales.cng.cl\/en\/wp-json\/wp\/v2\/types\/page"}],"author":[{"embeddable":true,"href":"https:\/\/temasregionales.cng.cl\/en\/wp-json\/wp\/v2\/users\/1"}],"replies":[{"embeddable":true,"href":"https:\/\/temasregionales.cng.cl\/en\/wp-json\/wp\/v2\/comments?post=902"}],"version-history":[{"count":16,"href":"https:\/\/temasregionales.cng.cl\/en\/wp-json\/wp\/v2\/pages\/902\/revisions"}],"predecessor-version":[{"id":1539,"href":"https:\/\/temasregionales.cng.cl\/en\/wp-json\/wp\/v2\/pages\/902\/revisions\/1539"}],"wp:attachment":[{"href":"https:\/\/temasregionales.cng.cl\/en\/wp-json\/wp\/v2\/media?parent=902"}],"curies":[{"name":"wp","href":"https:\/\/api.w.org\/{rel}","templated":true}]}}