{"id":907,"date":"2025-05-20T13:15:30","date_gmt":"2025-05-20T13:15:30","guid":{"rendered":"https:\/\/temasregionales.cng.cl\/?page_id=907"},"modified":"2025-05-21T19:40:37","modified_gmt":"2025-05-21T19:40:37","slug":"privacy-policy","status":"publish","type":"page","link":"https:\/\/temasregionales.cng.cl\/en\/privacy-policy\/","title":{"rendered":"\u201cPol\u00edtica editorial\u201d"},"content":{"rendered":"<div class=\"wp-block-stackable-spacer stk-block-spacer stk--no-padding stk-block stk-60109ac\" data-block-id=\"60109ac\"><style>.stk-60109ac {height:130px !important;}<\/style><\/div>\n\n\n\n<div class=\"wp-block-stackable-columns stk-block-columns stk-block stk-56a33f1\" data-block-id=\"56a33f1\"><div class=\"stk-row stk-inner-blocks stk-block-content stk-content-align stk-56a33f1-column\">\n<div class=\"wp-block-stackable-column stk-block-column stk-column stk-block stk-97317b3\" data-v=\"4\" data-block-id=\"97317b3\"><div class=\"stk-column-wrapper stk-block-column__content stk-container stk-97317b3-container stk--no-background stk--no-padding\"><div class=\"stk-block-content stk-inner-blocks stk-97317b3-inner-blocks\">\n<div class=\"wp-block-stackable-heading stk-block-heading stk-block-heading--v2 stk-block stk-8ebcec6\" id=\"politica-editorial\" data-block-id=\"8ebcec6\"><h1 class=\"stk-block-heading__text\">Editorial policy<\/h1><\/div>\n\n\n\n<div class=\"wp-block-stackable-text stk-block-text stk-block stk-789f7ae\" data-block-id=\"789f7ae\"><p class=\"stk-block-text__text\">The Editorial Committee will be responsible for authorizing the publication of works after consulting with peer reviewers, the content of which will be the sole responsibility of their authors. Articles cannot be simultaneously submitted for review to other media outlets. The journal is published free of charge in digital format.<\/p><\/div>\n\n\n\n<p>The Corporaci\u00f3n de Estudios y Desarrollo Norte Grande owns the journal, its registration, and the intellectual property of the publications published therein. Original articles received for review are considered confidential and protected by the Intellectual Property Law.<\/p>\n\n\n\n<p>The journal has an open access policy based on the principle of freely making research products available to the general public. Authors of the Journal must have control over the integrity of their work and the right to be properly acknowledged and cited within the work published in the journal \"Temas Regionales.\" This is the only limitation on reproduction and distribution.<\/p>\n\n\n\n<p>The journal \"Temas Regionales\" adheres to the Budapest Open Access Initiative (OAI). It also adheres to the principles of Open Research (Open Science) and allows authors to use the FAIR (Findable, Accessible, Interoperable, and Reusable) principles for managing scientific data.<\/p>\n\n\n\n<p>Authors must directly state in their manuscript whether they authorize the open publication of research data in their own repositories, citing the source or repository. Additionally, they must communicate their intention to publish open data in writing to the editor.<\/p>\n\n\n\n<p>Authors are permitted to publish their manuscripts, methodology, and research data in their own institutional repositories or on their institutional open access (OA) or open science (OS) websites before and during the submission process for review in the journal \"Temas Regionales.\" They are also permitted to publish the PDF of the final version of their work published in the journal \"Temas Regionales\", citing the source, after its publication in their respective institutional repositories.<\/p>\n<\/div><\/div><\/div>\n<\/div><\/div>\n\n\n\n<div class=\"wp-block-stackable-spacer stk-block-spacer stk--no-padding stk-block stk-9685df9\" data-block-id=\"9685df9\"><style>.stk-9685df9 {height:130px !important;}<\/style><\/div>","protected":false},"excerpt":{"rendered":"<p>Pol\u00edtica editorial El Comit\u00e9 Editorial ser\u00e1 el encargado de autorizar la publicaci\u00f3n de los trabajos previa consulta a pares evaluadores, cuyo contenido ser\u00e1 de responsabilidad exclusiva de sus autores. Los art\u00edculos no pueden ser enviados simult\u00e1neamente a evaluaci\u00f3n a otros medios de difusi\u00f3n. La revista publica gratuitamente de manera digital. La Corporaci\u00f3n de Estudios y [&hellip;]<\/p>","protected":false},"author":1,"featured_media":0,"parent":0,"menu_order":0,"comment_status":"closed","ping_status":"closed","template":"","meta":{"pagelayer_contact_templates":[],"_pagelayer_content":"","footnotes":""},"class_list":["post-907","page","type-page","status-publish","hentry"],"blocksy_meta":[],"_links":{"self":[{"href":"https:\/\/temasregionales.cng.cl\/en\/wp-json\/wp\/v2\/pages\/907","targetHints":{"allow":["GET"]}}],"collection":[{"href":"https:\/\/temasregionales.cng.cl\/en\/wp-json\/wp\/v2\/pages"}],"about":[{"href":"https:\/\/temasregionales.cng.cl\/en\/wp-json\/wp\/v2\/types\/page"}],"author":[{"embeddable":true,"href":"https:\/\/temasregionales.cng.cl\/en\/wp-json\/wp\/v2\/users\/1"}],"replies":[{"embeddable":true,"href":"https:\/\/temasregionales.cng.cl\/en\/wp-json\/wp\/v2\/comments?post=907"}],"version-history":[{"count":6,"href":"https:\/\/temasregionales.cng.cl\/en\/wp-json\/wp\/v2\/pages\/907\/revisions"}],"predecessor-version":[{"id":1553,"href":"https:\/\/temasregionales.cng.cl\/en\/wp-json\/wp\/v2\/pages\/907\/revisions\/1553"}],"wp:attachment":[{"href":"https:\/\/temasregionales.cng.cl\/en\/wp-json\/wp\/v2\/media?parent=907"}],"curies":[{"name":"wp","href":"https:\/\/api.w.org\/{rel}","templated":true}]}}